{"id":70,"date":"2024-10-26T18:20:08","date_gmt":"2024-10-26T16:20:08","guid":{"rendered":"https:\/\/www.amatricevive.it\/blog\/?post_type=product&#038;p=70"},"modified":"2024-10-30T12:26:43","modified_gmt":"2024-10-30T11:26:43","slug":"cardioxil","status":"publish","type":"product","link":"https:\/\/www.amatricevive.it\/blog\/product\/cardioxil\/","title":{"rendered":"Cardioxil"},"content":{"rendered":"<table>\n<tbody>\n<tr>\n<td>Sito web<\/td>\n<td>Cardioxil.it<\/td>\n<\/tr>\n<tr>\n<td>Azione<\/td>\n<td>\u2714 Elimina i sintomi di disagio.<br \/>\n\u2714 Normalizza la circolazione sanguigna.<br \/>\n\u2714 Ripristina la struttura dei vasi sanguigni, aumenta la loro elasticit\u00e0.<br \/>\n\u2714 Normalizza la frequenza cardiaca.<\/td>\n<\/tr>\n<tr>\n<td>Componenti<\/td>\n<td>\u2714 Inulina;<br \/>\n\u2714 Polivinilpirrolidone;<br \/>\n\u2714 Ossido di magnesio;<br \/>\n\u2714 Acetil-L-carnitina.<\/td>\n<\/tr>\n<tr>\n<td>Istruzioni per l&#8217;uso<\/td>\n<td>\u2714 La dose giornaliera raccomandata \u00e8 di 1 capsula al mattino e 1 capsula alla sera.<br \/>\n\u2714 La durata consigliata di un ciclo di trattamento \u00e8 di 4 settimane.<\/td>\n<\/tr>\n<tr>\n<td>Volume<\/td>\n<td>30 capsule<\/td>\n<\/tr>\n<tr>\n<td>Prezzo<\/td>\n<td>\ud83d\uded1 49 \u20ac<\/td>\n<\/tr>\n<tr>\n<td>Consegna<\/td>\n<td>7-8 giorni<\/td>\n<\/tr>\n<\/tbody>\n<\/table>\n<h2><b>Le capsule Cardioxil sono consigliate per le persone con pressione alta e rischio di complicanze<\/b><\/h2>\n<p><img loading=\"lazy\" decoding=\"async\" class=\"aligncenter size-full wp-image-48\" src=\"http:\/\/www.amatricevive.it\/blog\/wp-content\/uploads\/2024\/01\/Cardioxil-4.jpg\" alt=\"Cardioxil a cosa serve\" width=\"500\" height=\"337\" srcset=\"https:\/\/www.amatricevive.it\/blog\/wp-content\/uploads\/2024\/01\/Cardioxil-4.jpg 500w, https:\/\/www.amatricevive.it\/blog\/wp-content\/uploads\/2024\/01\/Cardioxil-4-300x202.jpg 300w\" sizes=\"(max-width: 500px) 100vw, 500px\" \/><\/p>\n<p>A cosa serve Cardioxil \u00e8 un farmaco per l&#8217;ipertensione e un integratore alimentare eccezionale per mantenere l&#8217;ipertensione in remissione ed evitare rischi come infarto e paralisi. Questo prodotto \u00e8 disponibile solo sul sito ufficiale ed \u00e8 attualmente disponibile ad un prezzo promozionale scontato speciale. Gli utenti del forum consigliano ai consumatori di evitare ordini e acquisti su siti commerciali. Anche in una farmacia standard esiste il rischio di imbattersi in prodotti contraffatti.<\/p>\n<p>Cardioxil \u00e8 un integratore alimentare innovativo sviluppato per trattare l&#8217;ipertensione e proteggere dalle sue complicanze come attacchi di cuore, aneurismi cerebrali, convulsioni e attacchi di cuore. A giudicare dai commenti e dalle opinioni, \u00e8 chiaro che si tratta di capsule ad azione prolungata ed efficace. I risultati, garantiti dal distributore ufficiale del prodotto, arrivano entro poche settimane, mentre oltre a normalizzare la pressione sanguigna, si controllano affaticamento e mal di testa, si regola l&#8217;equilibrio ormonale e si eliminano sintomi come disordini metabolici e debolezza immunitaria. Di tutte le recensioni Cardioxil, abbiamo raccolto quelle pi\u00f9 complete, condotto le nostre ricerche e oggi vi presentiamo le nostre conclusioni su questo farmaco.<\/p>\n<h2><b>Cause e fattori di rischio dell&#8217;ipertensione<\/b><\/h2>\n<p>Le cause e i fattori di rischio dell\u2019ipertensione possono essere molteplici. Eccone alcuni principali:<\/p>\n<ol>\n<li aria-level=\"1\"><b>Predisposizione genetica.<\/b> Alcune persone potrebbero avere un fattore genetico che le rende pi\u00f9 suscettibili all\u2019ipertensione. Se a un membro della famiglia \u00e8 stata diagnosticata l\u2019ipertensione, ci\u00f2 aumenta la probabilit\u00e0 che altri parenti sviluppino l\u2019ipertensione.<\/li>\n<li aria-level=\"1\"><b>Cattive abitudini alimentari.<\/b> Il consumo di cibi ricchi di grassi, sale e zucchero pu\u00f2 influenzare significativamente lo sviluppo dell\u2019ipertensione. Un elevato contenuto di sale negli alimenti pu\u00f2 far s\u00ec che il corpo ritenga acqua e aumenti il \u200b\u200bvolume del sangue, portando ad un aumento della pressione sanguigna.<\/li>\n<li aria-level=\"1\"><b>Stile di vita passivo. <\/b>Uno stile di vita sedentario e la mancanza di attivit\u00e0 fisica possono contribuire allo sviluppo dell\u2019ipertensione. La mancanza di attivit\u00e0 fisica rende il cuore meno efficiente nel pompare il sangue e nell\u2019accelerare il flusso sanguigno, il che pu\u00f2 portare alla pressione alta.<\/li>\n<li aria-level=\"1\"><b>Stress e fattori psicologici. <\/b>Lo stress costante, la tensione e il nervosismo possono svolgere un ruolo nella comparsa dell&#8217;ipertensione. Lo stress provoca un aumento dei livelli ormonali come l\u2019adrenalina e il cortisolo, che possono portare a vasocostrizione e aumento della pressione sanguigna.<\/li>\n<\/ol>\n<p>Comprendere queste cause e fattori di rischio \u00e8 importante per un\u2019efficace prevenzione e controllo dell\u2019ipertensione. Uno stile di vita che includa una dieta sana, attivit\u00e0 fisica e gestione dello stress pu\u00f2 ridurre significativamente il rischio di sviluppare ipertensione.<\/p>\n<h2><b>Perch\u00e9 \u00e8 necessario acquistare Cardioxil?<\/b><\/h2>\n<p><img loading=\"lazy\" decoding=\"async\" class=\"aligncenter size-full wp-image-47\" src=\"http:\/\/www.amatricevive.it\/blog\/wp-content\/uploads\/2024\/01\/Cardioxil-3.jpg\" alt=\"Cardioxil dove vendono\" width=\"500\" height=\"351\" srcset=\"https:\/\/www.amatricevive.it\/blog\/wp-content\/uploads\/2024\/01\/Cardioxil-3.jpg 500w, https:\/\/www.amatricevive.it\/blog\/wp-content\/uploads\/2024\/01\/Cardioxil-3-300x211.jpg 300w\" sizes=\"(max-width: 500px) 100vw, 500px\" \/><\/p>\n<p>Cardioxil affronta praticamente tutti i sintomi e gli effetti negativi dell&#8217;ipertensione che ha sul corpo. Questo prodotto produce risultati entro 6 ore dalla prima dose poich\u00e9 il sangue \u00e8 controllato e la sensazione di brividi, dolore agli occhi e mal di testa \u00e8 significativamente ridotta. Secondo le informazioni disponibili presso il distributore ufficiale, Cardioxil non fornisce un effetto temporaneo, ma protegge da futuri aumenti della pressione sanguigna, nonch\u00e9 da gravi complicazioni che possono insorgere a causa dell&#8217;ipertensione cronica. Sebbene non sia reperibile come farmaco da banco, \u00e8 un farmaco bioattivo che tratta non solo i sintomi ma anche la causa principale dell&#8217;ipertensione, tra cui stress, malattie del sangue e circolatorie, disturbi cardiaci, diabete, spasmi vascolari e problemi metabolici.<\/p>\n<h2><b>Quali propriet\u00e0 e caratteristiche ha il prodotto Cardioxil?<\/b><\/h2>\n<p>Il numero di persone che soffrono di ipertensione \u00e8 in costante aumento. Se prima i pazienti erano prevalentemente anziani, oggi un paziente iperteso su tre \u00e8 un giovane di et\u00e0 inferiore ai 40 anni. Cardioxil per l&#8217;ipertensione aiuter\u00e0 ad eliminare i picchi di pressione e a normalizzare le condizioni dei vasi sanguigni. L&#8217;effetto del farmaco \u00e8 complesso:<\/p>\n<ol>\n<li aria-level=\"1\">Elimina i sintomi di disagio.<\/li>\n<li aria-level=\"1\">Normalizza la circolazione sanguigna.<\/li>\n<li aria-level=\"1\">Ripristina la struttura dei vasi sanguigni, aumenta la loro elasticit\u00e0.<\/li>\n<li aria-level=\"1\">Normalizza la frequenza cardiaca.<\/li>\n<li aria-level=\"1\">Rafforza il sistema immunitario.<\/li>\n<li aria-level=\"1\">Normalizza i processi metabolici.<\/li>\n<li aria-level=\"1\">Aumenta le prestazioni.<\/li>\n<\/ol>\n<p>Cardioxil protegge dalle complicazioni causate dall&#8217;ipertensione, riduce i livelli di lipidi nel sangue. L&#8217;uso regolare del farmaco porta a un miglioramento della funzione cardiaca e del benessere generale.<\/p>\n<h2><b>Benefici di Cardioxil per l&#8217;ipertensione<\/b><\/h2>\n<p><img loading=\"lazy\" decoding=\"async\" class=\"aligncenter size-full wp-image-46\" src=\"http:\/\/www.amatricevive.it\/blog\/wp-content\/uploads\/2024\/01\/Cardioxil-2.jpg\" alt=\"Cardioxil prezzo\" width=\"500\" height=\"283\" srcset=\"https:\/\/www.amatricevive.it\/blog\/wp-content\/uploads\/2024\/01\/Cardioxil-2.jpg 500w, https:\/\/www.amatricevive.it\/blog\/wp-content\/uploads\/2024\/01\/Cardioxil-2-300x170.jpg 300w\" sizes=\"(max-width: 500px) 100vw, 500px\" \/><\/p>\n<p>Il vantaggio pi\u00f9 significativo \u00e8 l&#8217;assenza di reazioni avverse del corpo e controindicazioni. Cardioxil a differenza di altri farmaci cardiaci:<\/p>\n<ul>\n<li aria-level=\"1\">si comporta come un&#8217;ambulanza;<\/li>\n<li aria-level=\"1\">elimina le cause della malattia;<\/li>\n<li aria-level=\"1\">contiene solo ingredienti naturali, senza prodotti chimici o sintetici;<\/li>\n<li aria-level=\"1\">raccomandato dai principali medici del nostro paese;<\/li>\n<li aria-level=\"1\">le erbe sono rispettose dell&#8217;ambiente, coltivate lontano da autostrade, industrie e grandi citt\u00e0;<\/li>\n<li aria-level=\"1\">azione complessa volta a ripristinare e mantenere la normale salute effetti in generale per lungo tempo.<\/li>\n<\/ul>\n<h2><b>Qual \u00e8 la composizione delle capsule per l&#8217;ipertensione Cardioxil?<\/b><\/h2>\n<p>Cardioxil ha una composizione completamente naturale. Ci\u00f2 differenzia automaticamente il prodotto da qualsiasi altro prodotto per la pressione sanguigna venduto al banco. Le compresse standard per l\u2019ipertensione contengono pesticidi ed elementi sintetici che peggiorano ulteriormente le condizioni del paziente sovraccaricando il fegato, ossidando il sangue e riempiendolo di elementi tossici, quindi ulteriori ragioni per l\u2019aumento quotidiano della pressione sanguigna. Invece, la composizione organica degli estratti naturali di Cardioxil risultati reali combatte gli \u201cstimolanti\u201d interni della pressione alta, calma i processi metabolici e li riporta alla normalit\u00e0, rafforza il sistema immunitario e combatte l&#8217;ansia, la tensione cerebrale, lo stress emotivo e l&#8217;affaticamento.<\/p>\n<p>Scopri quali ingredienti reali sono inclusi in questa formula innovativa, creata da biotecnologi e cardiologi che lavorano per una grande azienda, ideatrice e distributrice:<\/p>\n<ol>\n<li aria-level=\"1\"><b>L&#8217;inulina (fibra)<\/b> \u00e8 un polisaccaride curativo che viene spesso estratto da frutta e verdura, in particolare dalla mela super sana. Questo carboidrato aiuta a migliorare la funzione vascolare, rafforza il sistema immunitario, regola il metabolismo, guarisce le cellule e viene bevuto a scopo profilattico per ridurre il rischio di trombosi, aterosclerosi, infarto miocardico e altri.<\/li>\n<li aria-level=\"1\"><b>Polivinilpirrolidone <\/b>&#8211; rafforza le pareti dei vasi sanguigni e riduce naturalmente l&#8217;ipertensione senza avvicinarsi ai valori limite e senza causare effetti collaterali.<\/li>\n<li aria-level=\"1\"><b>Ossido di magnesio <\/b>\u2013 Agisce come agente tonico e rinforzante per il sistema nervoso, riduce lo stress e la tensione, migliora la funzione cerebrale e stimola la riproduzione cellulare. Nella formula generale, come usare il Cardioxil funziona come regolatore di tutti i processi nel corpo e come stabilizzatore del contenuto curativo dei componenti vegetali.<\/li>\n<li aria-level=\"1\"><b>Acetil-L-carnitina<\/b> &#8211; migliora anche l&#8217;attivit\u00e0 cerebrale, favorisce anche la normale funzione cardiaca e rafforza il sistema circolatorio nel corpo umano.<\/li>\n<li aria-level=\"1\"><b>Estratto secco di lievito rosso <\/b>\u2013 riduce significativamente la pressione sanguigna, la glicemia e i livelli di colesterolo cattivo.<\/li>\n<li aria-level=\"1\"><b>Estratto secco di cordyceps cinese<\/b> &#8211; ha un effetto antiossidante sulle cellule, migliora il funzionamento del sistema cardiovascolare, aiuta l&#8217;organismo a combattere i radicali liberi e migliora le capacit\u00e0 cognitive.<\/li>\n<\/ol>\n<h2><b>Istruzioni per l&#8217;uso Cardioxil i come si applica<\/b><\/h2>\n<p><img loading=\"lazy\" decoding=\"async\" class=\"aligncenter size-full wp-image-44\" src=\"http:\/\/www.amatricevive.it\/blog\/wp-content\/uploads\/2024\/01\/Cardioxil-5.jpg\" alt=\"Cardioxil prezzo farmacia simile\" width=\"500\" height=\"300\" srcset=\"https:\/\/www.amatricevive.it\/blog\/wp-content\/uploads\/2024\/01\/Cardioxil-5.jpg 500w, https:\/\/www.amatricevive.it\/blog\/wp-content\/uploads\/2024\/01\/Cardioxil-5-300x180.jpg 300w\" sizes=\"(max-width: 500px) 100vw, 500px\" \/><\/p>\n<p>\u00c8 di buona qualit\u00e0 Cardioxil contiene istruzioni dettagliate per l&#8217;uso. Questa \u00e8 una guida che spiega chiaramente come utilizzare la terapia con queste capsule per l&#8217;ipertensione o per la prevenzione della pressione sanguigna. Pertanto, non \u00e8 necessario chiedere ulteriormente come prendere Cardioxil altroconsumo n\u00e9 a Google n\u00e9 a un medico. Tuttavia vi chiariremo ulteriormente la descrizione esistente nella brochure del prodotto.<\/p>\n<p>Ecco le istruzioni descritte pi\u00f9 nel dettaglio:<\/p>\n<ol>\n<li aria-level=\"1\">Il prodotto \u00e8 solo per uso orale.<\/li>\n<li aria-level=\"1\">1 dose = 1 capsula<\/li>\n<\/ol>\n<p>Assumere 1 capsula dopo i pasti con abbondante liquido (oltre all&#8217;acqua, \u00e8 possibile assumere il medicinale con succo o latte, ma in nessun caso con alcol, poich\u00e9 ne ridurrebbe notevolmente l&#8217;effetto):<\/p>\n<ol>\n<li aria-level=\"1\">La dose giornaliera raccomandata \u00e8 di 1 capsula al mattino e 1 capsula alla sera.<\/li>\n<li aria-level=\"1\">La durata raccomandata di un ciclo di trattamento \u00e8 di 4 settimane.<\/li>\n<li aria-level=\"1\">Non vi \u00e8 alcun problema nell\u2019assumere queste capsule per la prevenzione dopo un ciclo di trattamento.<\/li>\n<\/ol>\n<h2><b>Effetti collaterali e controindicazioni<\/b><\/h2>\n<p>Cardioxil nessun effetto collaterale<\/p>\n<p>Non ci sono controindicazioni per l&#8217;assunzione di questo prodotto.<\/p>\n<h2><b>Recensioni dei medici sul farmaco Cardioxil<\/b><\/h2>\n<blockquote><p><b>Tabatha Garcia<\/b> &#8211; cardiologo<\/p>\n<p>L\u2019ipertensione \u00e8 oggi il problema pi\u00f9 comune dei vasi sanguigni. Funziona realmente raccomando Cardioxil ai miei pazienti che hanno raggiunto i 35 anni per il cuore e la pulizia dei vasi sanguigni. Anche se l&#8217;ipertensione non si \u00e8 ancora manifestata, \u00e8 necessario sottoporsi a prevenzione. Questo rimedio naturale non provoca la sindrome da dipendenza o sintomi indesiderati. \u00c8 adatto sia a scopo terapeutico che preventivo.<\/p><\/blockquote>\n<h2><b>Opinioni dei clienti delle capsule Cardioxil<\/b><\/h2>\n<p>Cardioxil fa davvero scalpore, dapprima con commenti individuali e raccomandazioni per l&#8217;ammissione su vari forum medici su Internet. Questo farmaco \u00e8 considerato veramente efficace e, secondo le recensioni dei pazienti ipertesi, \u00e8 in grado di normalizzare la pressione sanguigna una volta per tutte senza la necessit\u00e0 di ulteriore terapia.<\/p>\n<p>Ecco alcune opinioni e commenti che abbiamo raccolto:<\/p>\n<p>&nbsp;<\/p>\n<blockquote><p><b>Sahiano<\/b><\/p>\n<p>Cardioxil dove lo posso prendere mi va molto bene. Dopo una settimana, la mia ipertensione \u00e8 migliorata significativamente. Non ho pi\u00f9 un forte aumento della pressione sanguigna, sono un operatore sanitario e lo stress per me in questo momento \u00e8 molto grande. Anche la sensazione di stanchezza \u00e8 diminuita. Come medico, posso dire che questo prodotto ha una composizione meravigliosa, quindi personalmente lo consiglio anche come prevenzione per le persone che hanno un blocco dei vasi sanguigni, problemi con il colesterolo e anche con lo zucchero nel sangue. Tutti questi fattori possono causare ipertensione, come \u00e8 successo a me dopo il diabete gestazionale!<\/p><\/blockquote>\n<p>&nbsp;<\/p>\n<blockquote><p><b>Esly<\/b><\/p>\n<p>Cardioxil \u00e8 un prodotto unico. Con il suo aiuto, ho salvato mia madre da continue crisi di sangue. Ad un certo punto era in uno stato pre-infarto. Le sono stati prescritti farmaci pesanti che non poteva tollerare perch\u00e9 ha anche problemi al fegato. Queste capsule non solo l&#8217;hanno salvata dall&#8217;ipertensione, ma hanno anche migliorato significativamente le sue condizioni del fegato e hanno liberato un&#8217;arteria bloccata. Naturalmente! Niente sintetici!<\/p><\/blockquote>\n<p>&nbsp;<\/p>\n<blockquote><p><b>Vanessa<\/b><\/p>\n<p>Raccomando walmart Cardioxil a tutti i miei set. Ho la pressione alta fin dalla caserma. \u00c8 ereditario. Se avessi preso questo farmaco anni fa, tutti i miei cari potrebbero essere vivi. Ecco perch\u00e9 sento che \u00e8 mio dovere dare l&#8217;esempio Cardioxil dove comprare a coloro che mi circondano con la pressione alta. Cardioxil in farmacia prezzo questa non \u00e8 una truffa. E&#8217; quello che ho pensato anch&#8217;io all&#8217;inizio. Ma l&#8217;ho testato su me stesso. I risultati sono pronti!<\/p><\/blockquote>\n<h2><b>Cardioxil &#8211; prezzo e dove vendono?<\/b><\/h2>\n<p><img loading=\"lazy\" decoding=\"async\" class=\"aligncenter size-full wp-image-45\" src=\"http:\/\/www.amatricevive.it\/blog\/wp-content\/uploads\/2024\/01\/Cardioxil-1.jpg\" alt=\"Cardioxil in farmacia prezzo\" width=\"500\" height=\"303\" srcset=\"https:\/\/www.amatricevive.it\/blog\/wp-content\/uploads\/2024\/01\/Cardioxil-1.jpg 500w, https:\/\/www.amatricevive.it\/blog\/wp-content\/uploads\/2024\/01\/Cardioxil-1-300x182.jpg 300w\" sizes=\"(max-width: 500px) 100vw, 500px\" \/><\/p>\n<p>Cardioxil pu\u00f2 essere ordinato direttamente dal sito ufficiale ad un prezzo basso competitivo. Attualmente, il distributore ufficiale di queste capsule naturali per l&#8217;ipertensione offre un nuovo prezzo scontato. Se ordini un prodotto dal sito ufficiale, non \u00e8 necessario pagare in anticipo il prezzo farmacia simile finale. Il pagamento \u00e8 dovuto dopo il collaudo e l&#8217;ispezione alla consegna. E la consegna \u00e8 semplice, veloce, affidabile e sicura, perch\u00e9 tutti i corrieri Cardioxil dove vendono indossano sempre una maschera protettiva, dicono sui forum le mamme che temono per i propri figli a causa del coronavirus. Le stesse signore avvertono freneticamente di non acquistare Cardioxil in farmacia e di non ordinare le capsule in questione da venditori sospetti. C&#8217;\u00e8 un appello simile in diversi commenti al distributore di capsule.<\/p>\n","protected":false},"excerpt":{"rendered":"<p>Cardioxil \u00e8 un integratore innovativo per il controllo dell&#8217;ipertensione, aiutando a ridurre i rischi di complicanze come infarto e aneurismi. Grazie alla sua formula ad azione prolungata, normalizza la pressione sanguigna e allevia sintomi come affaticamento e mal di testa.<\/p>\n","protected":false},"featured_media":71,"comment_status":"open","ping_status":"closed","template":"","meta":[],"product_cat":[18],"product_tag":[],"yoast_head":"<!-- This site is optimized with the Yoast SEO plugin v21.8 - https:\/\/yoast.com\/wordpress\/plugins\/seo\/ -->\n<title>Cardioxil acquista capsule per l&#039;ipertensione presso Amatricevive<\/title>\n<meta name=\"robots\" content=\"noindex, follow, max-snippet:-1, max-image-preview:large, max-video-preview:-1\" \/>\n<meta property=\"og:locale\" content=\"it_IT\" \/>\n<meta property=\"og:type\" content=\"article\" \/>\n<meta property=\"og:title\" content=\"Cardioxil acquista capsule per l&#039;ipertensione presso Amatricevive\" \/>\n<meta property=\"og:description\" content=\"Cardioxil \u00e8 un integratore innovativo per il controllo dell&#039;ipertensione, aiutando a ridurre i rischi di complicanze come infarto e aneurismi. Grazie alla sua formula ad azione prolungata, normalizza la pressione sanguigna e allevia sintomi come affaticamento e mal di testa.\" \/>\n<meta property=\"og:url\" content=\"https:\/\/www.amatricevive.it\/blog\/product\/cardioxil\/\" \/>\n<meta property=\"og:site_name\" content=\"Negozio Amatricevive\" \/>\n<meta property=\"article:modified_time\" content=\"2024-10-30T11:26:43+00:00\" \/>\n<meta property=\"og:image\" content=\"http:\/\/www.amatricevive.it\/blog\/wp-content\/uploads\/2024\/10\/Cardioxil.jpg\" \/>\n\t<meta property=\"og:image:width\" content=\"225\" \/>\n\t<meta property=\"og:image:height\" content=\"359\" \/>\n\t<meta property=\"og:image:type\" content=\"image\/jpeg\" \/>\n<meta name=\"twitter:card\" content=\"summary_large_image\" \/>\n<meta name=\"twitter:label1\" content=\"Tempo di lettura stimato\" \/>\n\t<meta name=\"twitter:data1\" content=\"10 minuti\" \/>\n<script type=\"application\/ld+json\" class=\"yoast-schema-graph\">{\"@context\":\"https:\/\/schema.org\",\"@graph\":[{\"@type\":\"WebPage\",\"@id\":\"https:\/\/www.amatricevive.it\/blog\/product\/cardioxil\/\",\"url\":\"https:\/\/www.amatricevive.it\/blog\/product\/cardioxil\/\",\"name\":\"Cardioxil acquista capsule per l'ipertensione presso Amatricevive\",\"isPartOf\":{\"@id\":\"https:\/\/www.amatricevive.it\/blog\/#website\"},\"datePublished\":\"2024-10-26T16:20:08+00:00\",\"dateModified\":\"2024-10-30T11:26:43+00:00\",\"breadcrumb\":{\"@id\":\"https:\/\/www.amatricevive.it\/blog\/product\/cardioxil\/#breadcrumb\"},\"inLanguage\":\"it-IT\",\"potentialAction\":[{\"@type\":\"ReadAction\",\"target\":[\"https:\/\/www.amatricevive.it\/blog\/product\/cardioxil\/\"]}]},{\"@type\":\"BreadcrumbList\",\"@id\":\"https:\/\/www.amatricevive.it\/blog\/product\/cardioxil\/#breadcrumb\",\"itemListElement\":[{\"@type\":\"ListItem\",\"position\":1,\"name\":\"Home\",\"item\":\"https:\/\/www.amatricevive.it\/blog\/\"},{\"@type\":\"ListItem\",\"position\":2,\"name\":\"Cardioxil\"}]},{\"@type\":\"WebSite\",\"@id\":\"https:\/\/www.amatricevive.it\/blog\/#website\",\"url\":\"https:\/\/www.amatricevive.it\/blog\/\",\"name\":\"Negozio Amatricevive\",\"description\":\"\",\"potentialAction\":[{\"@type\":\"SearchAction\",\"target\":{\"@type\":\"EntryPoint\",\"urlTemplate\":\"https:\/\/www.amatricevive.it\/blog\/?s={search_term_string}\"},\"query-input\":\"required name=search_term_string\"}],\"inLanguage\":\"it-IT\"}]}<\/script>\n<!-- \/ Yoast SEO plugin. -->","yoast_head_json":{"title":"Cardioxil acquista capsule per l'ipertensione presso Amatricevive","robots":{"index":"noindex","follow":"follow","max-snippet":"max-snippet:-1","max-image-preview":"max-image-preview:large","max-video-preview":"max-video-preview:-1"},"og_locale":"it_IT","og_type":"article","og_title":"Cardioxil acquista capsule per l'ipertensione presso Amatricevive","og_description":"Cardioxil \u00e8 un integratore innovativo per il controllo dell'ipertensione, aiutando a ridurre i rischi di complicanze come infarto e aneurismi. Grazie alla sua formula ad azione prolungata, normalizza la pressione sanguigna e allevia sintomi come affaticamento e mal di testa.","og_url":"https:\/\/www.amatricevive.it\/blog\/product\/cardioxil\/","og_site_name":"Negozio Amatricevive","article_modified_time":"2024-10-30T11:26:43+00:00","og_image":[{"width":225,"height":359,"url":"http:\/\/www.amatricevive.it\/blog\/wp-content\/uploads\/2024\/10\/Cardioxil.jpg","type":"image\/jpeg"}],"twitter_card":"summary_large_image","twitter_misc":{"Tempo di lettura stimato":"10 minuti"},"schema":{"@context":"https:\/\/schema.org","@graph":[{"@type":"WebPage","@id":"https:\/\/www.amatricevive.it\/blog\/product\/cardioxil\/","url":"https:\/\/www.amatricevive.it\/blog\/product\/cardioxil\/","name":"Cardioxil acquista capsule per l'ipertensione presso Amatricevive","isPartOf":{"@id":"https:\/\/www.amatricevive.it\/blog\/#website"},"datePublished":"2024-10-26T16:20:08+00:00","dateModified":"2024-10-30T11:26:43+00:00","breadcrumb":{"@id":"https:\/\/www.amatricevive.it\/blog\/product\/cardioxil\/#breadcrumb"},"inLanguage":"it-IT","potentialAction":[{"@type":"ReadAction","target":["https:\/\/www.amatricevive.it\/blog\/product\/cardioxil\/"]}]},{"@type":"BreadcrumbList","@id":"https:\/\/www.amatricevive.it\/blog\/product\/cardioxil\/#breadcrumb","itemListElement":[{"@type":"ListItem","position":1,"name":"Home","item":"https:\/\/www.amatricevive.it\/blog\/"},{"@type":"ListItem","position":2,"name":"Cardioxil"}]},{"@type":"WebSite","@id":"https:\/\/www.amatricevive.it\/blog\/#website","url":"https:\/\/www.amatricevive.it\/blog\/","name":"Negozio Amatricevive","description":"","potentialAction":[{"@type":"SearchAction","target":{"@type":"EntryPoint","urlTemplate":"https:\/\/www.amatricevive.it\/blog\/?s={search_term_string}"},"query-input":"required name=search_term_string"}],"inLanguage":"it-IT"}]}},"_links":{"self":[{"href":"https:\/\/www.amatricevive.it\/blog\/wp-json\/wp\/v2\/product\/70"}],"collection":[{"href":"https:\/\/www.amatricevive.it\/blog\/wp-json\/wp\/v2\/product"}],"about":[{"href":"https:\/\/www.amatricevive.it\/blog\/wp-json\/wp\/v2\/types\/product"}],"replies":[{"embeddable":true,"href":"https:\/\/www.amatricevive.it\/blog\/wp-json\/wp\/v2\/comments?post=70"}],"wp:featuredmedia":[{"embeddable":true,"href":"https:\/\/www.amatricevive.it\/blog\/wp-json\/wp\/v2\/media\/71"}],"wp:attachment":[{"href":"https:\/\/www.amatricevive.it\/blog\/wp-json\/wp\/v2\/media?parent=70"}],"wp:term":[{"taxonomy":"product_cat","embeddable":true,"href":"https:\/\/www.amatricevive.it\/blog\/wp-json\/wp\/v2\/product_cat?post=70"},{"taxonomy":"product_tag","embeddable":true,"href":"https:\/\/www.amatricevive.it\/blog\/wp-json\/wp\/v2\/product_tag?post=70"}],"curies":[{"name":"wp","href":"https:\/\/api.w.org\/{rel}","templated":true}]}}