{"id":69,"date":"2024-10-26T18:18:22","date_gmt":"2024-10-26T16:18:22","guid":{"rendered":"https:\/\/www.amatricevive.it\/blog\/?post_type=product&#038;p=69"},"modified":"2024-10-30T12:26:55","modified_gmt":"2024-10-30T11:26:55","slug":"keramin","status":"publish","type":"product","link":"https:\/\/www.amatricevive.it\/blog\/product\/keramin\/","title":{"rendered":"Keramin"},"content":{"rendered":"<table>\n<tbody>\n<tr>\n<td>Sito web<\/td>\n<td>Keramin.it<\/td>\n<\/tr>\n<tr>\n<td>Azione<\/td>\n<td>\u2714 Rivitalizzazione completa della pelle dei piedi legata all&#8217;et\u00e0 e ai funghi;<br \/>\n\u2714 Ammorbidire e levigare il derma dei piedi;<br \/>\n\u2714 Ripristina il normale colore della lamina ungueale ed elimina gli odori sgradevoli;<\/td>\n<\/tr>\n<tr>\n<td>Componenti<\/td>\n<td>\u2714 Rame;<br \/>\n\u2714 Clotrimazolo;<br \/>\n\u2714 Arancione;<br \/>\n\u2714 Estratto di gelso;<br \/>\n\u2714 Mentolo.<\/td>\n<\/tr>\n<tr>\n<td>Istruzioni per l&#8217;uso<\/td>\n<td>\u2714 Spruzzare un sottile strato di crema spray sulla zona desiderata del derma gi\u00e0 pulito e asciutto e massaggiare la zona fino a completo assorbimento. Fatelo al mattino e alla sera.<br \/>\n\u2714 Ripetere la procedura tutti i giorni per l&#8217;intero mese solare.<\/td>\n<\/tr>\n<tr>\n<td>Volume<\/td>\n<td>50 ml<\/td>\n<\/tr>\n<tr>\n<td>Prezzo<\/td>\n<td>\ud83d\uded1 49 \u20ac<\/td>\n<\/tr>\n<tr>\n<td>Consegna<\/td>\n<td>7 giorni<\/td>\n<\/tr>\n<\/tbody>\n<\/table>\n<h2><b>Crema per funghi ai piedi e alle unghie Keramin &#8211; un rimedio efficace<\/b><\/h2>\n<p><img loading=\"lazy\" decoding=\"async\" class=\"aligncenter size-full wp-image-39\" src=\"http:\/\/www.amatricevive.it\/blog\/wp-content\/uploads\/2024\/01\/Keramin-1.jpg\" alt=\"Keramin \u00c8 di buona qualit\u00e0\" width=\"500\" height=\"451\" srcset=\"https:\/\/www.amatricevive.it\/blog\/wp-content\/uploads\/2024\/01\/Keramin-1.jpg 500w, https:\/\/www.amatricevive.it\/blog\/wp-content\/uploads\/2024\/01\/Keramin-1-300x271.jpg 300w\" sizes=\"(max-width: 500px) 100vw, 500px\" \/><\/p>\n<p>A cosa serve Keramin \u00e8 una nuova crema spray naturale per combattere le infezioni fungine delle unghie e delle dita dei piedi. Il produttore lo distribuisce ad un prezzo competitivo attraverso il sito ufficiale. Decine di migliaia di nostri connazionali hanno gi\u00e0 potuto approfittare dell&#8217;ottimo rapporto qualit\u00e0-prezzo, dicendo addio per sempre all&#8217;onicomicosi. I risultati dell&#8217;utilizzo dell&#8217;agente antifungino sono eccellenti, secondo Keramin recensioni e commenti sui forum. Nelle recensioni non ci sono segnali o lamentele riguardo controindicazioni o effetti collaterali.<\/p>\n<p>Il creatore della formula del prodotto ha preso come base una ricetta tradizionale asiatica per rimuovere i funghi dalle unghie e dalla pelle dei piedi. \u00c8 stato utilizzato con successo su soldati i cui piedi sono stati esposti a condizioni soffocanti e soffocanti per lunghi periodi di tempo. Keramin si basa proprio sulle migliori pratiche della medicina tradizionale. La crema ha un potente effetto antibatterico e detergente. Keramin agisce 24 ore su 24, 7 giorni su 7, restituendo morbidezza e salute al derma dei piedi, eliminando le spore dell&#8217;onicomicosi. Contiene clotrimazolo, arancia, mentolo, miele ed estratto di baco da seta. Il prodotto ha un certificato di qualit\u00e0 ed \u00e8 efficace al 95% secondo i risultati degli studi clinici.<\/p>\n<p>Dove posso acquistare Keramin a buon prezzo? Sono molti i tentativi di frode sui portali di shopping? Come usare Keramin, secondo le istruzioni per l&#8217;uso? In che modo la crema spray aiuta a trattare le infezioni fungine dei piedi?<\/p>\n<p>Scopri tutto sul prodotto nella recensione dettagliata Keramin qui sotto!<\/p>\n<h2><b>Miele \u2013 migliora l\u2019immunit\u00e0 ed elimina i funghi dei piedi<\/b><\/h2>\n<p>Il miele \u00e8 pi\u00f9 di un dolcificante. Tutti lo sanno. Questo ingrediente derivato dalle api fa miracoli per le persone che soffrono di unghie deboli e fragili. Puoi preparare facilmente una soluzione di ammollo da un prodotto dell&#8217;apicoltura e usarla pi\u00f9 volte alla settimana. Avrai bisogno di 1 ciotola media, 4 cucchiai di olio d&#8217;oliva caldo, 2 cucchiai di miele e 1 uovo sbattuto. Immergi le unghie in questa miscela per circa 15 minuti, quindi risciacquale abbondantemente con acqua. Puoi ripetere questo processo 3 volte a settimana per 3-4 settimane. Puoi preparare un ottimo rimedio casalingo per i funghi dei piedi. Le tue unghie diventeranno pi\u00f9 forti e la pelle dei tuoi piedi diventer\u00e0 molto pi\u00f9 morbida e delicata al tatto.<\/p>\n<p>I maggiori benefici del miele per la salute, l\u2019immunit\u00e0 e la lotta alle infezioni fungine sono:<\/p>\n<ol>\n<li aria-level=\"1\">Il miele \u00e8 un&#8217;ottima fonte di vitamine, minerali e antiossidanti che combattono con successo qualsiasi infezione;<\/li>\n<li aria-level=\"1\">Ammorbidisce e deterge la pelle e le unghie, rinforzandone la consistenza e donando un aspetto normale;<\/li>\n<li aria-level=\"1\">Fornisce una cura delicata della pelle e distrugge le spore di tutti i tipi di batteri, funghi e microrganismi dannosi;<\/li>\n<li aria-level=\"1\">Rimuove le tossine dal corpo e migliora la capacit\u00e0 del corpo di combattere le infezioni;<\/li>\n<li aria-level=\"1\">Rafforza il sistema immunitario e ci rende complessivamente pi\u00f9 sani.<\/li>\n<\/ol>\n<h2><b>Che cos&#8217;\u00e8 e in che modo Keramin aiuta a curare i funghi?<\/b><\/h2>\n<p><img loading=\"lazy\" decoding=\"async\" class=\"aligncenter size-full wp-image-41\" src=\"http:\/\/www.amatricevive.it\/blog\/wp-content\/uploads\/2024\/01\/Keramin-3.jpg\" alt=\"Keramin altroconsumo\" width=\"500\" height=\"391\" srcset=\"https:\/\/www.amatricevive.it\/blog\/wp-content\/uploads\/2024\/01\/Keramin-3.jpg 500w, https:\/\/www.amatricevive.it\/blog\/wp-content\/uploads\/2024\/01\/Keramin-3-300x235.jpg 300w\" sizes=\"(max-width: 500px) 100vw, 500px\" \/><\/p>\n<p>Keramin \u00e8 una nuova crema spray naturale per combattere le onicomicosi della pelle e delle unghie. Il suo produttore lo vende solo e soltanto attraverso il sito ufficiale ad un prezzo conveniente ed equo. Un prodotto per pulire il derma e aumentarne l&#8217;immunit\u00e0, ripristina delicatamente la sua struttura. Keramin funziona 24 ore su 24, 7 giorni su 7, rafforzando la lamina ungueale ed eliminando gli odori sgradevoli. La formula completamente naturale del prodotto \u00e8 approvata e raccomandata dai principali dermatologi e micologi del nostro paese. Ha un certificato di qualit\u00e0 e un&#8217;efficacia del 95%, dimostrata in studi clinici.<\/p>\n<p>La formula crema-spray per pulire il derma dai funghi \u00e8 stata creata da Evan Durham. \u00c8 formulato sulla base di una ricetta anti onicomicosi ispirata alla medicina tradizionale asiatica. Keramin \u00e8 un prodotto potente che combatte con successo i funghi su tutti i tipi di pelle. \u00c8 sicuro e non causa reclami. La composizione ipoallergenica consente a Keramin di agire 24 ore su 24, 7 giorni su 7, per rafforzare la pelle e le unghie dei piedi e rimuovere i batteri da esse.<\/p>\n<h2><b>Benefici e vantaggi di Keramin per combattere l&#8217;onicomicosi<\/b><\/h2>\n<p>Dermatologi e micologi professionisti raccomandano fortemente l&#8217;uso della crema spray Keramin. Il suo creatore lo ha progettato appositamente per fungere da potente alleato nella lotta contro i funghi dei piedi. La sua formula viene facilmente assorbita dal derma, ripristinando la morbidezza e l&#8217;aspetto delle unghie dei piedi. Distrugge facilmente le spore di piccoli parassiti e batteri, conferendo un aroma gradevole.<\/p>\n<p>Keramin apporta innumerevoli benefici alla pelle affetta da onicomicosi. Gli esperti ritengono che la crema spray Keramin presenti innumerevoli vantaggi rispetto a prodotti e farmaci alternativi. Non appesantisce il corpo con sostanze chimiche pesanti, ma migliora l&#8217;immunit\u00e0 naturale della pelle.<\/p>\n<h3>Vantaggi<\/h3>\n<ol>\n<li aria-level=\"1\">Una formula naturale che agisce 24 ore su 24, 7 giorni su 7, per ripristinare la pelle e le unghie colpite da onicomicosi;<\/li>\n<li aria-level=\"1\">La crema spray \u00e8 efficace al 95% nel rimuovere i funghi dei piedi;<\/li>\n<li aria-level=\"1\">Keramin risultati reali rende la pelle pi\u00f9 morbida e delicata; Restituisce il normale colore del derma ed elimina gli odori sgradevoli;<\/li>\n<li aria-level=\"1\">Nessuna lamentela sugli effetti collaterali nelle recensioni dei clienti;<\/li>\n<li aria-level=\"1\">Se vi state chiedendo dove acquistare Keramin a buon prezzo, visitate il sito ufficiale del produttore.<\/li>\n<\/ol>\n<h3>Screpolature<\/h3>\n<ul>\n<li aria-level=\"1\">Quando si utilizza il prodotto \u00e8 necessario seguire una dieta ricca di vitamine;<\/li>\n<li aria-level=\"1\">Mantenere una perfetta igiene personale.<\/li>\n<\/ul>\n<h2><b>Come usare Keramin &#8211; istruzioni per l&#8217;uso i come si applica<\/b><\/h2>\n<p><img loading=\"lazy\" decoding=\"async\" class=\"aligncenter size-full wp-image-40\" src=\"http:\/\/www.amatricevive.it\/blog\/wp-content\/uploads\/2024\/01\/Keramin-2.jpg\" alt=\"Keramin opinioni\" width=\"500\" height=\"280\" srcset=\"https:\/\/www.amatricevive.it\/blog\/wp-content\/uploads\/2024\/01\/Keramin-2.jpg 500w, https:\/\/www.amatricevive.it\/blog\/wp-content\/uploads\/2024\/01\/Keramin-2-300x168.jpg 300w\" sizes=\"(max-width: 500px) 100vw, 500px\" \/><\/p>\n<p>\u00c8 di buona qualit\u00e0 qualsiasi cliente, no Chi sa usare Keramin pu\u00f2 familiarizzare velocemente e facilmente con il procedimento leggendo le istruzioni per l&#8217;uso presenti nel libretto. \u00c8 importante ricordare che l&#8217;uso della crema spray deve essere accompagnato da una dieta equilibrata e da una buona igiene. Non superare la dose raccomandata come usare il Keramin.<\/p>\n<p>Ecco come applicare Keramin in 3 passaggi, secondo le istruzioni presenti nel libretto:<\/p>\n<ol>\n<li aria-level=\"1\">Spruzzare un sottile strato di crema spray sulla zona desiderata del derma gi\u00e0 deterso e asciugato e massaggiare la zona fino a completo assorbimento. Fatelo mattina e sera.<\/li>\n<li aria-level=\"1\">Mangia cibi ricchi di minerali e vitamine.<\/li>\n<li aria-level=\"1\">Ripetere la procedura ogni giorno per l&#8217;intero mese solare.<\/li>\n<\/ol>\n<h2><b>Ci sono effetti collaterali e controindicazioni?<\/b><\/h2>\n<p>Non devi preoccuparti degli effetti collaterali e delle controindicazioni Keramin. Al momento non ci sono denunce di questo tipo. La crema spray combatte con successo l&#8217;onicomicosi, occupandosi di migliorare l&#8217;aspetto e la salute delle unghie e della pelle dei piedi.<\/p>\n<h2><b>Composizione e propriet\u00e0 di ciascun ingrediente spray Keramin<\/b><\/h2>\n<p><img loading=\"lazy\" decoding=\"async\" class=\"aligncenter size-full wp-image-42\" src=\"http:\/\/www.amatricevive.it\/blog\/wp-content\/uploads\/2024\/01\/Keramin-4.jpg\" alt=\"Keramin Funziona realmente\" width=\"500\" height=\"485\" srcset=\"https:\/\/www.amatricevive.it\/blog\/wp-content\/uploads\/2024\/01\/Keramin-4.jpg 500w, https:\/\/www.amatricevive.it\/blog\/wp-content\/uploads\/2024\/01\/Keramin-4-300x291.jpg 300w\" sizes=\"(max-width: 500px) 100vw, 500px\" \/><\/p>\n<p>La composizione organica Keramin altroconsumo si basa su una ricetta della medicina tradizionale asiatica per il trattamento dell&#8217;onicomicosi. I suoi ingredienti includono l&#8217;esclusivo estratto di baco da seta, che mira a ripristinare la normale salute della pelle, creando una sensazione morbida al tatto.<\/p>\n<p>I principali risultati che si possono ottenere utilizzando la composizione Keramin sono:<\/p>\n<ol>\n<li aria-level=\"1\">Rivitalizzazione completa della pelle dei piedi legata all&#8217;et\u00e0 e ai funghi;<\/li>\n<li aria-level=\"1\">Ammorbidire e levigare il derma dei piedi;<\/li>\n<li aria-level=\"1\">Ripristinare il normale colore della lamina ungueale ed eliminare gli odori sgradevoli;<\/li>\n<\/ol>\n<p>Gli ingredienti principali della formula sono:<\/p>\n<ul>\n<li aria-level=\"1\"><b>Rame;<\/b><\/li>\n<\/ul>\n<ul>\n<li aria-level=\"1\"><b>Clotrimazole;<\/b><\/li>\n<\/ul>\n<ul>\n<li aria-level=\"1\"><b>Arancia;<\/b><\/li>\n<\/ul>\n<ul>\n<li aria-level=\"1\"><b>Estratto di gelso;<\/b><\/li>\n<\/ul>\n<ul>\n<li aria-level=\"1\"><b>Mentolo.<\/b><\/li>\n<\/ul>\n<h2><b>Quali opinioni su Keramin lasciano gli acquirenti sui forum?<\/b><\/h2>\n<p>Funziona realmente guardare le opinioni e i commenti dei clienti Keramin sui forum lascia una piacevole impressione. Tra loro non ci sono lamentele. La maggior parte delle recensioni di Keramin sottolinea che la crema spray rimuove rapidamente gli odori sgradevoli. Ripristina la struttura del derma e dona un&#8217;ottima morbidezza.<\/p>\n<p>&nbsp;<\/p>\n<blockquote><p><b>Mitzel<\/b><\/p>\n<p>Ho ordinato Keramin su consiglio di un amico che da tempo cercava un rimedio naturale contro i funghi dei piedi. Mi ha mostrato il sito ufficiale e sono rimasto colpito dal rapporto qualit\u00e0 prezzo. Lo uso ormai da un mese e i segni della mia micosi sono quasi completamente scomparsi!<\/p><\/blockquote>\n<p>&nbsp;<\/p>\n<blockquote><p><b>Dafne<\/b><\/p>\n<p>Keramin dove lo posso prendere ha una formula delicata che viene rapidamente assorbita dal derma e non lascia macchie di grasso sulla biancheria intima. L&#8217;ho usato per un mese e sono riuscito a normalizzare il colore delle mie unghie, riportandole ad una tinta rosa. Ne ho ordinato anche un altro da un sito autorizzato per mio marito poich\u00e9 anche lui ha problemi.<\/p><\/blockquote>\n<p>&nbsp;<\/p>\n<blockquote><p><b>Bretagna<\/b><\/p>\n<p>Vado regolarmente in palestra, ma l\u2019igiene non \u00e8 particolarmente elevata\u201d. Ho un&#8217;infezione da lievito. Ho provato i farmaci. Non ho notato alcun miglioramento nella mia condizione. Mi \u00e8 stato consigliato da un collega dove comprare Keramin. Lo uso da 2 settimane ormai e i sintomi sono quasi completamente scomparsi.<\/p><\/blockquote>\n<h2><b>Dove acquistare Keramin: qual \u00e8 il prezzo?<\/b><\/h2>\n<p><img loading=\"lazy\" decoding=\"async\" class=\"aligncenter size-full wp-image-43\" src=\"http:\/\/www.amatricevive.it\/blog\/wp-content\/uploads\/2024\/01\/Keramin-5.jpg\" alt=\"Keramin dove comprare\" width=\"500\" height=\"373\" srcset=\"https:\/\/www.amatricevive.it\/blog\/wp-content\/uploads\/2024\/01\/Keramin-5.jpg 500w, https:\/\/www.amatricevive.it\/blog\/wp-content\/uploads\/2024\/01\/Keramin-5-300x224.jpg 300w\" sizes=\"(max-width: 500px) 100vw, 500px\" \/><\/p>\n<p>Il produttore consiglia a chi non \u00e8 sicuro di dove acquistare Keramin a un prezzo conveniente di visitare il sito ufficiale. Il sito Web con licenza offre in farmacia prezzo regolari, sconti promozionali regolari e consigli per la cura della pelle. L&#8217;azienda preferisce mantenere il prezzo farmacia simile Keramin lo stesso in tutti i paesi. Pertanto, l&#8217;azienda distribuisce la crema spray contro i funghi delle unghie dei piedi solo e non tramite rivenditori.<\/p>\n<p>L&#8217;attuale sconto promozionale Keramin \u00e8 pari al -50% del prezzo originale. Per utilizzarlo, visita la pagina web della licenza e inserisci i tuoi dati digitalmente. Quindi conferma telefonicamente il tuo indirizzo di consegna. Il prodotto ti arriver\u00e0 entro 7 giorni e potrai pagarlo in contrassegno!<\/p>\n<h2><b>Dove vendono Keramin in farmacia?<\/b><\/h2>\n<p>Gli acquirenti non troveranno Keramin in farmacia. Il produttore si impegna a fornirlo al prezzo pi\u00f9 conveniente per i clienti. Pertanto, viene venduto solo tramite il sito ufficiale. Gli utenti non dovrebbero lasciarsi ingannare da numerosi tentativi fraudolenti dove vendono Keramin. Questi prodotti non hanno nulla in comune con l&#8217;originale crema spray antifungina e la sua formula unica!<\/p>\n<h2><b>Un&#8217;eccellente igiene personale protegge dai funghi<\/b><\/h2>\n<p>Cerca di mantenere l&#8217;igiene personale se vuoi proteggerti dalle infezioni fungine dei piedi. Lava accuratamente le zone tra le dita dei piedi e asciugale accuratamente prima di indossare i calzini. Mangia cibi ricchi di minerali e vitamine per rafforzare la tua immunit\u00e0!<\/p>\n<p>Uno dei migliori preparati naturali per combattere i funghi della pelle e delle unghie \u00e8 la crema spray walmart Keramin. Le recensioni dei clienti e i commenti a Keramin sui forum sono positivi. Le persone sono soddisfatte delle prestazioni del prodotto. I micologi professionisti lo consigliano anche come ottimo rimedio naturale contro le onicomicosi.<\/p>\n","protected":false},"excerpt":{"rendered":"<p>Keramin \u00e8 una crema spray naturale progettata per combattere efficacemente le infezioni fungine delle unghie e della pelle dei piedi. Grazie ai suoi ingredienti antibatterici e detergenti, come clotrimazolo e mentolo, Keramin agisce 24 ore su 24 per restituire salute e morbidezza alla pelle.<\/p>\n","protected":false},"featured_media":38,"comment_status":"open","ping_status":"closed","template":"","meta":[],"product_cat":[18],"product_tag":[],"yoast_head":"<!-- This site is optimized with the Yoast SEO plugin v21.8 - https:\/\/yoast.com\/wordpress\/plugins\/seo\/ -->\n<title>Keramin acquista la crema antimicosi delle unghie su Amatricevive<\/title>\n<meta name=\"robots\" content=\"noindex, follow, max-snippet:-1, max-image-preview:large, max-video-preview:-1\" \/>\n<meta property=\"og:locale\" content=\"it_IT\" \/>\n<meta property=\"og:type\" content=\"article\" \/>\n<meta property=\"og:title\" content=\"Keramin acquista la crema antimicosi delle unghie su Amatricevive\" \/>\n<meta property=\"og:description\" content=\"Keramin \u00e8 una crema spray naturale progettata per combattere efficacemente le infezioni fungine delle unghie e della pelle dei piedi. Grazie ai suoi ingredienti antibatterici e detergenti, come clotrimazolo e mentolo, Keramin agisce 24 ore su 24 per restituire salute e morbidezza alla pelle.\" \/>\n<meta property=\"og:url\" content=\"https:\/\/www.amatricevive.it\/blog\/product\/keramin\/\" \/>\n<meta property=\"og:site_name\" content=\"Negozio Amatricevive\" \/>\n<meta property=\"article:modified_time\" content=\"2024-10-30T11:26:55+00:00\" \/>\n<meta property=\"og:image\" content=\"http:\/\/www.amatricevive.it\/blog\/wp-content\/uploads\/2024\/01\/Keramin.jpg\" \/>\n\t<meta property=\"og:image:width\" content=\"253\" \/>\n\t<meta property=\"og:image:height\" content=\"340\" \/>\n\t<meta property=\"og:image:type\" content=\"image\/jpeg\" \/>\n<meta name=\"twitter:card\" content=\"summary_large_image\" \/>\n<meta name=\"twitter:label1\" content=\"Tempo di lettura stimato\" \/>\n\t<meta name=\"twitter:data1\" content=\"10 minuti\" \/>\n<script type=\"application\/ld+json\" class=\"yoast-schema-graph\">{\"@context\":\"https:\/\/schema.org\",\"@graph\":[{\"@type\":\"WebPage\",\"@id\":\"https:\/\/www.amatricevive.it\/blog\/product\/keramin\/\",\"url\":\"https:\/\/www.amatricevive.it\/blog\/product\/keramin\/\",\"name\":\"Keramin acquista la crema antimicosi delle unghie su Amatricevive\",\"isPartOf\":{\"@id\":\"https:\/\/www.amatricevive.it\/blog\/#website\"},\"datePublished\":\"2024-10-26T16:18:22+00:00\",\"dateModified\":\"2024-10-30T11:26:55+00:00\",\"breadcrumb\":{\"@id\":\"https:\/\/www.amatricevive.it\/blog\/product\/keramin\/#breadcrumb\"},\"inLanguage\":\"it-IT\",\"potentialAction\":[{\"@type\":\"ReadAction\",\"target\":[\"https:\/\/www.amatricevive.it\/blog\/product\/keramin\/\"]}]},{\"@type\":\"BreadcrumbList\",\"@id\":\"https:\/\/www.amatricevive.it\/blog\/product\/keramin\/#breadcrumb\",\"itemListElement\":[{\"@type\":\"ListItem\",\"position\":1,\"name\":\"Home\",\"item\":\"https:\/\/www.amatricevive.it\/blog\/\"},{\"@type\":\"ListItem\",\"position\":2,\"name\":\"Keramin\"}]},{\"@type\":\"WebSite\",\"@id\":\"https:\/\/www.amatricevive.it\/blog\/#website\",\"url\":\"https:\/\/www.amatricevive.it\/blog\/\",\"name\":\"Negozio Amatricevive\",\"description\":\"\",\"potentialAction\":[{\"@type\":\"SearchAction\",\"target\":{\"@type\":\"EntryPoint\",\"urlTemplate\":\"https:\/\/www.amatricevive.it\/blog\/?s={search_term_string}\"},\"query-input\":\"required name=search_term_string\"}],\"inLanguage\":\"it-IT\"}]}<\/script>\n<!-- \/ Yoast SEO plugin. -->","yoast_head_json":{"title":"Keramin acquista la crema antimicosi delle unghie su Amatricevive","robots":{"index":"noindex","follow":"follow","max-snippet":"max-snippet:-1","max-image-preview":"max-image-preview:large","max-video-preview":"max-video-preview:-1"},"og_locale":"it_IT","og_type":"article","og_title":"Keramin acquista la crema antimicosi delle unghie su Amatricevive","og_description":"Keramin \u00e8 una crema spray naturale progettata per combattere efficacemente le infezioni fungine delle unghie e della pelle dei piedi. Grazie ai suoi ingredienti antibatterici e detergenti, come clotrimazolo e mentolo, Keramin agisce 24 ore su 24 per restituire salute e morbidezza alla pelle.","og_url":"https:\/\/www.amatricevive.it\/blog\/product\/keramin\/","og_site_name":"Negozio Amatricevive","article_modified_time":"2024-10-30T11:26:55+00:00","og_image":[{"width":253,"height":340,"url":"http:\/\/www.amatricevive.it\/blog\/wp-content\/uploads\/2024\/01\/Keramin.jpg","type":"image\/jpeg"}],"twitter_card":"summary_large_image","twitter_misc":{"Tempo di lettura stimato":"10 minuti"},"schema":{"@context":"https:\/\/schema.org","@graph":[{"@type":"WebPage","@id":"https:\/\/www.amatricevive.it\/blog\/product\/keramin\/","url":"https:\/\/www.amatricevive.it\/blog\/product\/keramin\/","name":"Keramin acquista la crema antimicosi delle unghie su Amatricevive","isPartOf":{"@id":"https:\/\/www.amatricevive.it\/blog\/#website"},"datePublished":"2024-10-26T16:18:22+00:00","dateModified":"2024-10-30T11:26:55+00:00","breadcrumb":{"@id":"https:\/\/www.amatricevive.it\/blog\/product\/keramin\/#breadcrumb"},"inLanguage":"it-IT","potentialAction":[{"@type":"ReadAction","target":["https:\/\/www.amatricevive.it\/blog\/product\/keramin\/"]}]},{"@type":"BreadcrumbList","@id":"https:\/\/www.amatricevive.it\/blog\/product\/keramin\/#breadcrumb","itemListElement":[{"@type":"ListItem","position":1,"name":"Home","item":"https:\/\/www.amatricevive.it\/blog\/"},{"@type":"ListItem","position":2,"name":"Keramin"}]},{"@type":"WebSite","@id":"https:\/\/www.amatricevive.it\/blog\/#website","url":"https:\/\/www.amatricevive.it\/blog\/","name":"Negozio Amatricevive","description":"","potentialAction":[{"@type":"SearchAction","target":{"@type":"EntryPoint","urlTemplate":"https:\/\/www.amatricevive.it\/blog\/?s={search_term_string}"},"query-input":"required name=search_term_string"}],"inLanguage":"it-IT"}]}},"_links":{"self":[{"href":"https:\/\/www.amatricevive.it\/blog\/wp-json\/wp\/v2\/product\/69"}],"collection":[{"href":"https:\/\/www.amatricevive.it\/blog\/wp-json\/wp\/v2\/product"}],"about":[{"href":"https:\/\/www.amatricevive.it\/blog\/wp-json\/wp\/v2\/types\/product"}],"replies":[{"embeddable":true,"href":"https:\/\/www.amatricevive.it\/blog\/wp-json\/wp\/v2\/comments?post=69"}],"wp:featuredmedia":[{"embeddable":true,"href":"https:\/\/www.amatricevive.it\/blog\/wp-json\/wp\/v2\/media\/38"}],"wp:attachment":[{"href":"https:\/\/www.amatricevive.it\/blog\/wp-json\/wp\/v2\/media?parent=69"}],"wp:term":[{"taxonomy":"product_cat","embeddable":true,"href":"https:\/\/www.amatricevive.it\/blog\/wp-json\/wp\/v2\/product_cat?post=69"},{"taxonomy":"product_tag","embeddable":true,"href":"https:\/\/www.amatricevive.it\/blog\/wp-json\/wp\/v2\/product_tag?post=69"}],"curies":[{"name":"wp","href":"https:\/\/api.w.org\/{rel}","templated":true}]}}