{"id":66,"date":"2024-10-26T18:15:56","date_gmt":"2024-10-26T16:15:56","guid":{"rendered":"https:\/\/www.amatricevive.it\/blog\/?post_type=product&#038;p=66"},"modified":"2024-10-30T12:27:19","modified_gmt":"2024-10-30T11:27:19","slug":"ostex","status":"publish","type":"product","link":"https:\/\/www.amatricevive.it\/blog\/product\/ostex\/","title":{"rendered":"Ostex"},"content":{"rendered":"<table>\n<tbody>\n<tr>\n<td>Sito web<\/td>\n<td>Ostex.it<\/td>\n<\/tr>\n<tr>\n<td>Azione<\/td>\n<td>\u2714 Elimina le anomalie in tutte le strutture articolari;<br \/>\n\u2714 Agisce secondo una doppia formula: dall&#8217;esterno e dall&#8217;interno;<br \/>\n\u2714 Dona risultati duraturi.<\/td>\n<\/tr>\n<tr>\n<td>Componenti<\/td>\n<td>La base per la combinazione degli ingredienti erano le ricette della medicina tradizionale e le conquiste della scienza. I componenti sono stati selezionati dopo uno studio approfondito dei loro effetti terapeutici sulle articolazioni.<\/td>\n<\/tr>\n<tr>\n<td>Istruzioni per l&#8217;uso<\/td>\n<td>\u2714 Eseguire le procedure due volte al giorno. Applicare la crema con movimenti circolari. Attendere il completo assorbimento.<br \/>\n\u2714 Continuare il ciclo di trattamento per 30-45 giorni.<\/td>\n<\/tr>\n<tr>\n<td>Volume<\/td>\n<td>75 ml<\/td>\n<\/tr>\n<tr>\n<td>Prezzo<\/td>\n<td>\ud83d\uded1 49 \u20ac<\/td>\n<\/tr>\n<tr>\n<td>Consegna<\/td>\n<td>circa 5 giorni<\/td>\n<\/tr>\n<\/tbody>\n<\/table>\n<h2><b>Ostex per le articolazioni: gel per migliorare le condizioni del sistema muscolo-scheletrico!<\/b><\/h2>\n<p><img loading=\"lazy\" decoding=\"async\" class=\"aligncenter wp-image-27 size-full\" src=\"http:\/\/www.amatricevive.it\/blog\/wp-content\/uploads\/2024\/01\/Ostex-1.jpg\" alt=\"Ostex opinioni\" width=\"500\" height=\"350\" srcset=\"https:\/\/www.amatricevive.it\/blog\/wp-content\/uploads\/2024\/01\/Ostex-1.jpg 500w, https:\/\/www.amatricevive.it\/blog\/wp-content\/uploads\/2024\/01\/Ostex-1-300x210.jpg 300w\" sizes=\"(max-width: 500px) 100vw, 500px\" \/><\/p>\n<p>L\u2019uso dei tradizionali farmaci antinfiammatori non steroidei nel trattamento delle patologie articolari sta gradualmente scomparendo dalla pratica clinica. Sempre pi\u00f9 ortopedici preferiscono i complessi naturali che aiutano a superare i disturbi senza danni al corpo e hanno un effetto immediato e prolungato. Tra questi farmaci, il leader \u00e8 il gel Ostex, che ha una vasta gamma di effetti terapeutici. \u00c8 rilevante sia per il trattamento delle malattie muscolo-scheletriche che per la prevenzione delle malattie articolari stesse e delle loro conseguenze. Il gel allevia rapidamente il dolore, ferma l&#8217;infiammazione e ferma la distruzione degli elementi della capsula articolare. Questi includono cartilagine, strutture ossee, legamenti e liquido sinoviale. A cosa serve gel Ostex previene l&#8217;assottigliamento del tessuto cartilagineo, l&#8217;esaurimento della lubrificazione e la perdita di elasticit\u00e0 dei legamenti. Se inizi a trattare i problemi in modo tempestivo, la funzione dell&#8217;articolazione verr\u00e0 ripristinata in un ciclo, la malattia non diventer\u00e0 cronica e non diventerai disabile. I primi sintomi di problemi articolari sono rigidit\u00e0 nei movimenti al mattino, stanchezza alle gambe e alla schiena la sera, dolori alla colonna vertebrale, alle ginocchia, ai gomiti, alle spalle e al collo. GelOstex \u00e8 consigliato per il trattamento di artrosi, artrite, osteocondrosi, gotta, sinovite, borsite. Oltre al rapido sollievo dei sintomi, ha un effetto a lungo termine. Accumulandosi nel corpo, il gel Ostex salva dalle ricadute dell&#8217;infiammazione articolare. Con questo rimedio vivrai una vita piena, riacquisterai la piena libert\u00e0 di movimento e ripristinerai la funzionalit\u00e0 delle tue articolazioni. Il gel \u00e8 rilevante per processi infiammatori, lesioni articolari e patologie spinali. Per le persone anziane, il gel \u00e8 un mezzo non alternativo per prolungare la funzionalit\u00e0 delle articolazioni.<\/p>\n<p>Gel Ostex \u00e8 un biocomplesso in cui tutti i principi attivi sono ottenuti da estratti naturali. I componenti del farmaco hanno effetti antinfiammatori, antibatterici, immunostimolanti e rigeneranti. Il gel Ostex cura le articolazioni, previene lo sviluppo di patologie nella cartilagine, reintegra la mancanza di liquido sinoviale, contrasta la formazione di osteofiti e rinforza i legamenti. Cio\u00e8, funziona in tutte le aree di miglioramento della condizione delle articolazioni.<\/p>\n<h2><b>Sintomi di malattie articolari<\/b><\/h2>\n<p>La maggior parte delle malattie articolari si manifesta con sintomi simili. Alcuni possono essere pi\u00f9 pronunciati, altri meno pronunciati, a seconda del tipo e dello stadio della malattia e della localizzazione del processo patologico.<\/p>\n<p>Il sintomo classico \u00e8 il dolore. Nelle fasi iniziali \u00e8 associato ad un carico sull&#8217;articolazione e si manifesta quando si cammina, ci si piega, si muove un arto, ecc. Con danni significativi, il dolore pu\u00f2 diventare permanente. In questo caso, il lavoro dell&#8217;articolazione provoca il loro rafforzamento. I danni alla colonna vertebrale possono causare dolore specifico associato a pizzicamento e irritazione delle radici nervose. Si diffondono lungo i nervi.<\/p>\n<p>Il secondo segno tipico di danno articolare \u00e8 la mobilit\u00e0 limitata. Pu\u00f2 essere causato da dolore o cambiamenti nella struttura dell&#8217;articolazione: distruzione della cartilagine, comparsa di escrescenze ossee (osteofiti). Nelle fasi iniziali, la rigidit\u00e0 si manifesta solo al mattino, mentre nelle fasi avanzate la funzione articolare pu\u00f2 essere completamente assente. Questa condizione \u00e8 chiamata anchilosi.<\/p>\n<p>Un processo infiammatorio acuto a livello dell&#8217;articolazione stessa o dei tessuti circostanti si manifesta con un classico insieme di sintomi: dolore, gonfiore, arrossamento dei tessuti, aumento locale della temperatura e disfunzione. L&#8217;infiammazione cronica, soprattutto di natura autoimmune, spesso causa la deformazione articolare.<\/p>\n<p>La presenza o l&#8217;assenza di sintomi associati, cos\u00ec come la loro gravit\u00e0, dipende dalla malattia specifica.<\/p>\n<h2><b>In cosa differisce Ostex dagli altri rimedi congiunti esterni?<\/b><\/h2>\n<p><img loading=\"lazy\" decoding=\"async\" class=\"aligncenter size-full wp-image-29\" src=\"http:\/\/www.amatricevive.it\/blog\/wp-content\/uploads\/2024\/01\/Ostex-3.jpg\" alt=\"Ostex Funziona realmente\" width=\"500\" height=\"313\" srcset=\"https:\/\/www.amatricevive.it\/blog\/wp-content\/uploads\/2024\/01\/Ostex-3.jpg 500w, https:\/\/www.amatricevive.it\/blog\/wp-content\/uploads\/2024\/01\/Ostex-3-300x188.jpg 300w\" sizes=\"(max-width: 500px) 100vw, 500px\" \/><\/p>\n<p>\u00c8 naturale, funziona esternamente e internamente ed \u00e8 un biocomplesso completo. Il principio dell&#8217;effetto terapeutico sugli elementi danneggiati della capsula articolare del gel \u00e8 diverso da quello dei condroprotettori e dei FANS tradizionali. Il gel Ostex non congela le terminazioni nervose malate, ma tratta l&#8217;infiammazione. Cio\u00e8, non allevia temporaneamente la condizione, ma d\u00e0 un risultato duraturo. Il gel ha un&#8217;elevata capacit\u00e0 di penetrazione, le sostanze utili raggiungono rapidamente l&#8217;articolazione malata ed entrano nel sangue, garantendo il trattamento del problema dall&#8217;interno. L&#8217;effetto battericida del biocomplesso elimina il processo distruttivo delle articolazioni causato dalle infezioni. Il trattamento delle articolazioni con Ostex aiuta i pazienti a fare a meno di iniezioni e operazioni intrarticolari.<\/p>\n<h2><b>\u00c8 vero che Ostex funziona davvero?<\/b><\/h2>\n<p>Pensi che Ostex per gli spinelli sia una truffa? E ti sbagli. Perch\u00e9 il gel ha gi\u00e0 aiutato migliaia di persone a ripristinare la salute delle articolazioni. Ci\u00f2 \u00e8 dimostrato da studi clinici sul prodotto. Al test hanno preso parte pazienti con vari gradi di danno articolare. Il 97% dei partecipanti ha notato un sollievo immediato dal dolore, l&#8217;84% ha sconfitto le malattie articolari in un solo ciclo. Il 66% dei pazienti ha notato il ritorno della libert\u00e0 di movimento dopo una settimana di utilizzo del gel. Tutti i pazienti hanno confermato miglioramento delle condizioni articolari dopo la seconda settimana di trattamento con unguento Ostex.<\/p>\n<h2><b>Quali vantaggi ha Ostex rispetto ai suoi analoghi?<\/b><\/h2>\n<p><img loading=\"lazy\" decoding=\"async\" class=\"aligncenter size-full wp-image-28\" src=\"http:\/\/www.amatricevive.it\/blog\/wp-content\/uploads\/2024\/01\/Ostex-2.jpg\" alt=\"Ostex dove comprare\" width=\"500\" height=\"532\" srcset=\"https:\/\/www.amatricevive.it\/blog\/wp-content\/uploads\/2024\/01\/Ostex-2.jpg 500w, https:\/\/www.amatricevive.it\/blog\/wp-content\/uploads\/2024\/01\/Ostex-2-282x300.jpg 282w\" sizes=\"(max-width: 500px) 100vw, 500px\" \/><\/p>\n<p>Perch\u00e9 molti pazienti scelgono il gel Ostex per trattare le articolazioni? I principali medici ortopedici rispondono a questa domanda. Credono che questo biocomplesso fornisca un alto tasso di ripristino articolare. I vantaggi del gel Ostex sono che elimina le cause dei disturbi articolari, affronta rapidamente l&#8217;infiammazione e protegge il paziente dalle conseguenze delle malattie articolari. Attualmente il gel \u00e8 un prodotto di punta, la sua domanda \u00e8 confermata dal numero di ordini in costante aumento.<\/p>\n<ol>\n<li aria-level=\"1\"><b>Eliminazione completa della malattia.<\/b> Ostex risultati reali elimina le anomalie in tutte le strutture articolari: ossa, cartilagine, lubrificazione, legamenti. Riporta i dischi intervertebrali nella loro posizione anatomica. Ci\u00f2 garantisce libert\u00e0 di movimento.<\/li>\n<li aria-level=\"1\"><b>Rapido sollievo dai sintomi.<\/b> Ostex controindicazioni elimina dolore, gonfiore, rigidit\u00e0. La sindrome del dolore scompare in pochi minuti, la rigidit\u00e0 scompare in due giorni, il gonfiore scompare in tre giorni.<\/li>\n<li aria-level=\"1\"><b>Cessazione del processo infiammatorio.<\/b> Gel Ostex agisce secondo una doppia formula: all&#8217;esterno e all&#8217;interno. Ci\u00f2 accelera il sollievo dell&#8217;infiammazione e previene l&#8217;insorgenza di malattie articolari croniche.<\/li>\n<li aria-level=\"1\"><b>Ripristino delle funzioni articolari. <\/b>Un ciclo di trattamento con biocomplex Ostex d\u00e0 risultati duraturi. Si tratta di una remissione per anni o di un sollievo definitivo dalla malattia.<\/li>\n<li aria-level=\"1\"><b>Prezzo abbordabile. <\/b>\u00c8 di buona qualit\u00e0 ordinando Ostex sul sito ufficiale del produttore \u00e8 possibile acquistare il gel a un prezzo ridotto e svolgere a casa una terapia di alta qualit\u00e0 per i disturbi articolari.<\/li>\n<\/ol>\n<h2><b>Istruzioni per l&#8217;uso Ostex i come si applica<\/b><\/h2>\n<p>Per risolvere tutti i problemi articolari, il gel Ostex \u00e8 pi\u00f9 adatto di altri prodotti. Questo \u00e8 riconosciuto dagli esperti e dagli utenti. Ma le articolazioni possono essere riportate in piena salute solo dopo aver completato il ciclo di trattamento. E usa il gel anche secondo le istruzioni per come usare il Ostex.<\/p>\n<ul>\n<li aria-level=\"1\">Esegui le procedure due volte al giorno. Applicare il gel con un movimento circolare. Attendere fino al completo assorbimento.<\/li>\n<li aria-level=\"1\">Continuare il corso del trattamento per 30-45 giorni.<\/li>\n<\/ul>\n<p>La durata dell&#8217;applicazione di Ostex \u00e8 individuale per ogni persona. La durata del corso dipende dallo stadio delle malattie del sistema muscolo-scheletrico.<\/p>\n<h2><b>I componenti principali della composizione Ostex per giunti<\/b><\/h2>\n<p><img loading=\"lazy\" decoding=\"async\" class=\"aligncenter size-full wp-image-31\" src=\"http:\/\/www.amatricevive.it\/blog\/wp-content\/uploads\/2024\/01\/Ostex-5.jpg\" alt=\"Ostex prezzo farmacia simile\" width=\"433\" height=\"540\" srcset=\"https:\/\/www.amatricevive.it\/blog\/wp-content\/uploads\/2024\/01\/Ostex-5.jpg 433w, https:\/\/www.amatricevive.it\/blog\/wp-content\/uploads\/2024\/01\/Ostex-5-241x300.jpg 241w\" sizes=\"(max-width: 433px) 100vw, 433px\" \/><\/p>\n<p>Funziona realmente la formula Ostex \u00e8 stata creata dai farmacisti in collaborazione con gli ortopedici praticanti. La combinazione degli ingredienti si basava su ricette della medicina tradizionale e risultati scientifici. I componenti sono stati selezionati dopo uno studio approfondito dei loro effetti terapeutici sulle articolazioni. Ma il vantaggio principale della composizione Ostex altroconsumo \u00e8 la sua azione complessa: trattamento, ripristino, prevenzione delle malattie del sistema muscolo-scheletrico. La massima efficacia del gel \u00e8 stata facilitata dall&#8217;utilizzo della legge della sinergia. Secondo esso, i principi attivi del gel funzionano secondo il principio di completarsi e potenziarsi a vicenda. La sicurezza del gel \u00e8 garantita dall&#8217;utilizzo di un metodo di estrazione ecologico, in cui le propriet\u00e0 medicinali delle materie prime naturali vengono preservate nella loro forma nativa.<\/p>\n<ol>\n<li aria-level=\"1\"><b>Sabelnik<\/b> &#8211; ha effetti antinfiammatori, analgesici, rigeneranti e curativi. L&#8217;estratto di una pianta medicinale tonifica il corpo, favorisce il rinnovamento cellulare e previene l&#8217;impoverimento della cartilagine.<\/li>\n<li aria-level=\"1\"><b>Corteccia di pioppo tremulo: <\/b>allevia il gonfiore e previene la formazione di tumori. Blocca la deposizione di sale, normalizza l&#8217;equilibrio salino. Stimola l&#8217;afflusso di sangue agli elementi dell&#8217;articolazione articolare con sostanze utili.<\/li>\n<li aria-level=\"1\"><b>Le foglie di mirtillo<\/b> rosso sono un rimedio popolare contro i reumatismi e la gotta, alleviano l&#8217;infiammazione, il gonfiore e il dolore. Un ingrediente necessario per il ripristino delle articolazioni con artrite.<\/li>\n<li aria-level=\"1\"><b>La condroitina e la glucosamina <\/b>sono componenti della composizione Ostex che rigenerano la cartilagine, il tessuto osseo e i legamenti danneggiati. Senza queste sostanze il ripristino articolare \u00e8 impossibile.<\/li>\n<\/ol>\n<h2><b>Cosa pensano gli opinioni di Ostex?<\/b><\/h2>\n<p>Le recensioni positive su Ostex dove lo posso prendere si basano sull&#8217;efficacia del gel nei diversi stadi delle malattie articolari. Oltre alla multifunzionalit\u00e0 del gel, \u00e8 consigliato in caso di artrosi, artrite, osteocondrosi e altre malattie dell&#8217;apparato muscolo-scheletrico.<\/p>\n<p>&nbsp;<\/p>\n<blockquote><p><b>Paoletta<\/b><\/p>\n<p>Soffrivo da tempo di artrosi al ginocchio. Ho gi\u00e0 camminato con un bastone. E ora ho miglioramenti significativi. Tutto questo grazie dove comprare al gel Ostex, che ha molte recensioni positive. Sono stato trattato per un mese e mezzo, ho fatto una pausa di 30 giorni e ora ripeto il corso. E per una buona ragione. Perch\u00e9 ogni giorno diventa pi\u00f9 facile per me camminare. Ottimo gel, lo consiglio a chi ha problemi alle articolazioni.<\/p><\/blockquote>\n<p>&nbsp;<\/p>\n<blockquote><p><b>Magaly<\/b><\/p>\n<p>Convivo con l&#8217;artrite alle mani da 10 anni. Sono in cura con condroprotettori e FANS, ma gli effetti collaterali mi hanno costretto a cercare rimedi naturali. Ho trovato il gel Ostex in farmacia prezzo su Internet, secondo le recensioni fa miracoli e allevia per sempre le malattie articolari. Quindi, non posso confermarlo. Ho seguito due corsi, ma il fastidio alle dita \u00e8 rimasto. E non ho fiducia che non lascer\u00f2 cadere nulla.<\/p><\/blockquote>\n<p>&nbsp;<\/p>\n<blockquote><p><b>Oscar<\/b><\/p>\n<p>Ho avuto un infortunio alla spalla. Faceva male a causa del tempo, dopo lo sforzo. Ho risolto il problema con il gel Ostex, la mia recensione \u00e8 un A plus. In tre settimane la spalla \u00e8 diventata come nuova.<\/p><\/blockquote>\n<p>&nbsp;<\/p>\n<blockquote><p><b>Domenico<\/b><\/p>\n<p>Ho la radicolite, una malattia professionale dei conducenti. Gli attacchi avvennero due mesi dopo. I medicinali alleviarono la condizione solo temporaneamente. Cos\u00ec \u00e8 stato fino al non ho iniziato il trattamento con il gel Ostex con buone recensioni da parte di medici e utenti. Dopo 45 giorni di terapia non si sono verificate ricadute per otto mesi.<\/p><\/blockquote>\n<h2><b>Qual \u00e8 il prezzo di Ostex e dove vendono?<\/b><\/h2>\n<p><img loading=\"lazy\" decoding=\"async\" class=\"aligncenter size-full wp-image-30\" src=\"http:\/\/www.amatricevive.it\/blog\/wp-content\/uploads\/2024\/01\/Ostex-4.jpg\" alt=\"Ostex prezzo\" width=\"500\" height=\"373\" srcset=\"https:\/\/www.amatricevive.it\/blog\/wp-content\/uploads\/2024\/01\/Ostex-4.jpg 500w, https:\/\/www.amatricevive.it\/blog\/wp-content\/uploads\/2024\/01\/Ostex-4-300x224.jpg 300w\" sizes=\"(max-width: 500px) 100vw, 500px\" \/><\/p>\n<p>Quando i pazienti vengono a conoscenza dei benefici del nuovo gel per le articolazioni, iniziano a cercare dove vendono Ostex per tornare in azione e non diventare disabili. Tutti capiscono che solo un farmaco con certificati di qualit\u00e0 pu\u00f2 essere un vero assistente. La cosa principale qui \u00e8 non commettere errori nella scelta di un fornitore. Attenzione, ci sono gi\u00e0 dei falsi sul mercato, non fatevi truffare. Acquista il gel originale walmart Ostex sul sito web del produttore. Questa \u00e8 una garanzia del recupero e della funzionalit\u00e0 articolare. Inoltre, il contatto diretto con il produttore ti dar\u00e0 le preferenze: uno sconto del 50% sul prodotto e una consulenza gratuita sull&#8217;uso del biocomplesso per il tuo problema.<\/p>\n<p>Puoi ordinare Ostex sul sito ufficiale del produttore seguendo il collegamento al sito web dell&#8217;azienda.<\/p>\n<ol>\n<li aria-level=\"1\">Lascia una richiesta di prodotti nella pagina principale. Fornisci i tuoi dati di contatto.<\/li>\n<li aria-level=\"1\">Aspetta che l&#8217;operatore chiami e scopri quanto costa Ostex gli incastri il giorno dell&#8217;ordine.<\/li>\n<li aria-level=\"1\">Concordare l&#8217;opzione di consegna della merce.<\/li>\n<li aria-level=\"1\">Paga l&#8217;ordine, il cui prezzo farmacia simile include il prezzo di Ostex pi\u00f9 le spese di consegna.<\/li>\n<\/ol>\n","protected":false},"excerpt":{"rendered":"<p>Gel Ostex \u00e8 un rimedio naturale efficace per alleviare rapidamente il dolore articolare e prevenire la degenerazione della cartilagine. Grazie ai suoi ingredienti attivi di origine naturale, il gel offre un effetto antinfiammatorio e rigenerante prolungato.<\/p>\n","protected":false},"featured_media":26,"comment_status":"open","ping_status":"closed","template":"","meta":[],"product_cat":[18],"product_tag":[],"yoast_head":"<!-- This site is optimized with the Yoast SEO plugin v21.8 - https:\/\/yoast.com\/wordpress\/plugins\/seo\/ -->\n<title>Ostex acquista crema per dolori articolari su Amatricevive<\/title>\n<meta name=\"robots\" content=\"noindex, follow, max-snippet:-1, max-image-preview:large, max-video-preview:-1\" \/>\n<meta property=\"og:locale\" content=\"it_IT\" \/>\n<meta property=\"og:type\" content=\"article\" \/>\n<meta property=\"og:title\" content=\"Ostex acquista crema per dolori articolari su Amatricevive\" \/>\n<meta property=\"og:description\" content=\"Gel Ostex \u00e8 un rimedio naturale efficace per alleviare rapidamente il dolore articolare e prevenire la degenerazione della cartilagine. Grazie ai suoi ingredienti attivi di origine naturale, il gel offre un effetto antinfiammatorio e rigenerante prolungato.\" \/>\n<meta property=\"og:url\" content=\"https:\/\/www.amatricevive.it\/blog\/product\/ostex\/\" \/>\n<meta property=\"og:site_name\" content=\"Negozio Amatricevive\" \/>\n<meta property=\"article:modified_time\" content=\"2024-10-30T11:27:19+00:00\" \/>\n<meta property=\"og:image\" content=\"http:\/\/www.amatricevive.it\/blog\/wp-content\/uploads\/2024\/01\/Ostex.jpg\" \/>\n\t<meta property=\"og:image:width\" content=\"275\" \/>\n\t<meta property=\"og:image:height\" content=\"350\" \/>\n\t<meta property=\"og:image:type\" content=\"image\/jpeg\" \/>\n<meta name=\"twitter:card\" content=\"summary_large_image\" \/>\n<meta name=\"twitter:label1\" content=\"Tempo di lettura stimato\" \/>\n\t<meta name=\"twitter:data1\" content=\"11 minuti\" \/>\n<script type=\"application\/ld+json\" class=\"yoast-schema-graph\">{\"@context\":\"https:\/\/schema.org\",\"@graph\":[{\"@type\":\"WebPage\",\"@id\":\"https:\/\/www.amatricevive.it\/blog\/product\/ostex\/\",\"url\":\"https:\/\/www.amatricevive.it\/blog\/product\/ostex\/\",\"name\":\"Ostex acquista crema per dolori articolari su Amatricevive\",\"isPartOf\":{\"@id\":\"https:\/\/www.amatricevive.it\/blog\/#website\"},\"datePublished\":\"2024-10-26T16:15:56+00:00\",\"dateModified\":\"2024-10-30T11:27:19+00:00\",\"breadcrumb\":{\"@id\":\"https:\/\/www.amatricevive.it\/blog\/product\/ostex\/#breadcrumb\"},\"inLanguage\":\"it-IT\",\"potentialAction\":[{\"@type\":\"ReadAction\",\"target\":[\"https:\/\/www.amatricevive.it\/blog\/product\/ostex\/\"]}]},{\"@type\":\"BreadcrumbList\",\"@id\":\"https:\/\/www.amatricevive.it\/blog\/product\/ostex\/#breadcrumb\",\"itemListElement\":[{\"@type\":\"ListItem\",\"position\":1,\"name\":\"Home\",\"item\":\"https:\/\/www.amatricevive.it\/blog\/\"},{\"@type\":\"ListItem\",\"position\":2,\"name\":\"Ostex\"}]},{\"@type\":\"WebSite\",\"@id\":\"https:\/\/www.amatricevive.it\/blog\/#website\",\"url\":\"https:\/\/www.amatricevive.it\/blog\/\",\"name\":\"Negozio Amatricevive\",\"description\":\"\",\"potentialAction\":[{\"@type\":\"SearchAction\",\"target\":{\"@type\":\"EntryPoint\",\"urlTemplate\":\"https:\/\/www.amatricevive.it\/blog\/?s={search_term_string}\"},\"query-input\":\"required name=search_term_string\"}],\"inLanguage\":\"it-IT\"}]}<\/script>\n<!-- \/ Yoast SEO plugin. -->","yoast_head_json":{"title":"Ostex acquista crema per dolori articolari su Amatricevive","robots":{"index":"noindex","follow":"follow","max-snippet":"max-snippet:-1","max-image-preview":"max-image-preview:large","max-video-preview":"max-video-preview:-1"},"og_locale":"it_IT","og_type":"article","og_title":"Ostex acquista crema per dolori articolari su Amatricevive","og_description":"Gel Ostex \u00e8 un rimedio naturale efficace per alleviare rapidamente il dolore articolare e prevenire la degenerazione della cartilagine. Grazie ai suoi ingredienti attivi di origine naturale, il gel offre un effetto antinfiammatorio e rigenerante prolungato.","og_url":"https:\/\/www.amatricevive.it\/blog\/product\/ostex\/","og_site_name":"Negozio Amatricevive","article_modified_time":"2024-10-30T11:27:19+00:00","og_image":[{"width":275,"height":350,"url":"http:\/\/www.amatricevive.it\/blog\/wp-content\/uploads\/2024\/01\/Ostex.jpg","type":"image\/jpeg"}],"twitter_card":"summary_large_image","twitter_misc":{"Tempo di lettura stimato":"11 minuti"},"schema":{"@context":"https:\/\/schema.org","@graph":[{"@type":"WebPage","@id":"https:\/\/www.amatricevive.it\/blog\/product\/ostex\/","url":"https:\/\/www.amatricevive.it\/blog\/product\/ostex\/","name":"Ostex acquista crema per dolori articolari su Amatricevive","isPartOf":{"@id":"https:\/\/www.amatricevive.it\/blog\/#website"},"datePublished":"2024-10-26T16:15:56+00:00","dateModified":"2024-10-30T11:27:19+00:00","breadcrumb":{"@id":"https:\/\/www.amatricevive.it\/blog\/product\/ostex\/#breadcrumb"},"inLanguage":"it-IT","potentialAction":[{"@type":"ReadAction","target":["https:\/\/www.amatricevive.it\/blog\/product\/ostex\/"]}]},{"@type":"BreadcrumbList","@id":"https:\/\/www.amatricevive.it\/blog\/product\/ostex\/#breadcrumb","itemListElement":[{"@type":"ListItem","position":1,"name":"Home","item":"https:\/\/www.amatricevive.it\/blog\/"},{"@type":"ListItem","position":2,"name":"Ostex"}]},{"@type":"WebSite","@id":"https:\/\/www.amatricevive.it\/blog\/#website","url":"https:\/\/www.amatricevive.it\/blog\/","name":"Negozio Amatricevive","description":"","potentialAction":[{"@type":"SearchAction","target":{"@type":"EntryPoint","urlTemplate":"https:\/\/www.amatricevive.it\/blog\/?s={search_term_string}"},"query-input":"required name=search_term_string"}],"inLanguage":"it-IT"}]}},"_links":{"self":[{"href":"https:\/\/www.amatricevive.it\/blog\/wp-json\/wp\/v2\/product\/66"}],"collection":[{"href":"https:\/\/www.amatricevive.it\/blog\/wp-json\/wp\/v2\/product"}],"about":[{"href":"https:\/\/www.amatricevive.it\/blog\/wp-json\/wp\/v2\/types\/product"}],"replies":[{"embeddable":true,"href":"https:\/\/www.amatricevive.it\/blog\/wp-json\/wp\/v2\/comments?post=66"}],"wp:featuredmedia":[{"embeddable":true,"href":"https:\/\/www.amatricevive.it\/blog\/wp-json\/wp\/v2\/media\/26"}],"wp:attachment":[{"href":"https:\/\/www.amatricevive.it\/blog\/wp-json\/wp\/v2\/media?parent=66"}],"wp:term":[{"taxonomy":"product_cat","embeddable":true,"href":"https:\/\/www.amatricevive.it\/blog\/wp-json\/wp\/v2\/product_cat?post=66"},{"taxonomy":"product_tag","embeddable":true,"href":"https:\/\/www.amatricevive.it\/blog\/wp-json\/wp\/v2\/product_tag?post=66"}],"curies":[{"name":"wp","href":"https:\/\/api.w.org\/{rel}","templated":true}]}}